{"id":458,"date":"2016-10-28T02:16:02","date_gmt":"2016-10-28T00:16:02","guid":{"rendered":"http:\/\/www.senderosgr.es\/blog\/?post_type=product&#038;p=458"},"modified":"2016-11-24T12:37:05","modified_gmt":"2016-11-24T11:37:05","slug":"taza-senderos-gr-00","status":"publish","type":"product","link":"https:\/\/www.senderosgr.es\/blog\/producto\/taza-senderos-gr-00\/","title":{"rendered":"Taza de Senderos GR 00"},"content":{"rendered":"<p>Taza de edici\u00f3n limitada, elaborada y pintada manualmente por los artesanos de Totana <a href=\"http:\/\/www.hernandezalfareros.com\/\" target=\"_blank\">Hern\u00e1ndez Alfareros<\/a>.<\/p>\n<p>Cada pieza es \u00fanica y viene empaquetada en una caja de cart\u00f3n decorada por usuarios del <a href=\"http:\/\/bienestarsocial.totana.es\/centro_jose_moya.asp\" target=\"_blank\">Centro de D\u00eda de Personas con Discapacidad Intelectual \u00abJos\u00e9 Moy\u00e1\u00bb<\/a>. Por la compra de esta taza colaboras con este centro de discapacitados.<\/p>\n<div><i>Disponible hasta fin de existencias.<\/i><\/div>\n<div><i>Plazo de entrega: entre 7 d\u00edas y 1\u00a0mes aproximadamente, entrega incluida.<\/i><\/div>\n<div><i>25\u20ac (env\u00edo e IVA incluidos)<\/i><\/div>\n<div><a href=\"de SenderosGR\"><img loading=\"lazy\" decoding=\"async\" class=\"aligncenter size-large wp-image-670\" src=\"http:\/\/www.senderosgr.es\/blog\/wp-content\/uploads\/2016\/10\/Caja-y-taza-SGR-1024x683.jpg\" alt=\"Caja y taza \" width=\"697\" height=\"465\" srcset=\"https:\/\/www.senderosgr.es\/blog\/wp-content\/uploads\/2016\/10\/Caja-y-taza-SGR-1024x683.jpg 1024w, https:\/\/www.senderosgr.es\/blog\/wp-content\/uploads\/2016\/10\/Caja-y-taza-SGR-600x400.jpg 600w, https:\/\/www.senderosgr.es\/blog\/wp-content\/uploads\/2016\/10\/Caja-y-taza-SGR-300x200.jpg 300w, https:\/\/www.senderosgr.es\/blog\/wp-content\/uploads\/2016\/10\/Caja-y-taza-SGR-768x512.jpg 768w, https:\/\/www.senderosgr.es\/blog\/wp-content\/uploads\/2016\/10\/Caja-y-taza-SGR-330x220.jpg 330w\" sizes=\"auto, (max-width: 697px) 100vw, 697px\" \/><\/a><\/div>\n<div><\/div>\n","protected":false},"excerpt":{"rendered":"<p>Edici\u00f3n limitada, elaborada y pintada manualmente por los artesanos de Totana Hern\u00e1ndez Alfareros.<\/p>\n","protected":false},"featured_media":459,"comment_status":"open","ping_status":"closed","template":"","meta":[],"product_brand":[],"product_cat":[208],"product_tag":[],"class_list":{"0":"post-458","1":"product","2":"type-product","3":"status-publish","4":"has-post-thumbnail","6":"product_cat-corporativos","8":"first","9":"instock","10":"taxable","11":"shipping-taxable","12":"purchasable","13":"product-type-simple"},"yoast_head":"<!-- This site is optimized with the Yoast SEO plugin v26.6 - https:\/\/yoast.com\/wordpress\/plugins\/seo\/ -->\n<title>Taza de Senderos GR 00 - El Blog de SenderosGR<\/title>\n<meta name=\"description\" content=\"Taza de edici\u00f3n limitada, elaborada y pintada manualmente por los artesanos de Totana Hern\u00e1ndez Alfareros. La caja de cart\u00f3n decorada por discapacitados...\" \/>\n<meta name=\"robots\" content=\"index, follow, max-snippet:-1, max-image-preview:large, max-video-preview:-1\" \/>\n<link rel=\"canonical\" href=\"https:\/\/www.senderosgr.es\/blog\/producto\/taza-senderos-gr-00\/\" \/>\n<meta property=\"og:locale\" content=\"es_ES\" \/>\n<meta property=\"og:type\" content=\"article\" \/>\n<meta property=\"og:title\" content=\"Taza de Senderos GR 00 - El Blog de SenderosGR\" \/>\n<meta property=\"og:description\" content=\"Taza de edici\u00f3n limitada, elaborada y pintada manualmente por los artesanos de Totana Hern\u00e1ndez Alfareros. La caja de cart\u00f3n decorada por discapacitados...\" \/>\n<meta property=\"og:url\" content=\"https:\/\/www.senderosgr.es\/blog\/producto\/taza-senderos-gr-00\/\" \/>\n<meta property=\"og:site_name\" content=\"El Blog de SenderosGR\" \/>\n<meta property=\"article:modified_time\" content=\"2016-11-24T11:37:05+00:00\" \/>\n<meta property=\"og:image\" content=\"https:\/\/www.senderosgr.es\/blog\/wp-content\/uploads\/2016\/10\/Taza-SENDEROSGR.jpg\" \/>\n\t<meta property=\"og:image:width\" content=\"3097\" \/>\n\t<meta property=\"og:image:height\" content=\"4743\" \/>\n\t<meta property=\"og:image:type\" content=\"image\/jpeg\" \/>\n<meta name=\"twitter:card\" content=\"summary_large_image\" \/>\n<script type=\"application\/ld+json\" class=\"yoast-schema-graph\">{\"@context\":\"https:\/\/schema.org\",\"@graph\":[{\"@type\":\"WebPage\",\"@id\":\"https:\/\/www.senderosgr.es\/blog\/producto\/taza-senderos-gr-00\/\",\"url\":\"https:\/\/www.senderosgr.es\/blog\/producto\/taza-senderos-gr-00\/\",\"name\":\"Taza de Senderos GR 00 - El Blog de SenderosGR\",\"isPartOf\":{\"@id\":\"https:\/\/www.senderosgr.es\/blog\/#website\"},\"primaryImageOfPage\":{\"@id\":\"https:\/\/www.senderosgr.es\/blog\/producto\/taza-senderos-gr-00\/#primaryimage\"},\"image\":{\"@id\":\"https:\/\/www.senderosgr.es\/blog\/producto\/taza-senderos-gr-00\/#primaryimage\"},\"thumbnailUrl\":\"https:\/\/www.senderosgr.es\/blog\/wp-content\/uploads\/2016\/10\/Taza-SENDEROSGR-scaled.jpg\",\"datePublished\":\"2016-10-28T00:16:02+00:00\",\"dateModified\":\"2016-11-24T11:37:05+00:00\",\"description\":\"Taza de edici\u00f3n limitada, elaborada y pintada manualmente por los artesanos de Totana Hern\u00e1ndez Alfareros. La caja de cart\u00f3n decorada por discapacitados...\",\"breadcrumb\":{\"@id\":\"https:\/\/www.senderosgr.es\/blog\/producto\/taza-senderos-gr-00\/#breadcrumb\"},\"inLanguage\":\"es\",\"potentialAction\":[{\"@type\":\"ReadAction\",\"target\":[\"https:\/\/www.senderosgr.es\/blog\/producto\/taza-senderos-gr-00\/\"]}]},{\"@type\":\"ImageObject\",\"inLanguage\":\"es\",\"@id\":\"https:\/\/www.senderosgr.es\/blog\/producto\/taza-senderos-gr-00\/#primaryimage\",\"url\":\"https:\/\/www.senderosgr.es\/blog\/wp-content\/uploads\/2016\/10\/Taza-SENDEROSGR-scaled.jpg\",\"contentUrl\":\"https:\/\/www.senderosgr.es\/blog\/wp-content\/uploads\/2016\/10\/Taza-SENDEROSGR-scaled.jpg\",\"width\":1672,\"height\":2560},{\"@type\":\"BreadcrumbList\",\"@id\":\"https:\/\/www.senderosgr.es\/blog\/producto\/taza-senderos-gr-00\/#breadcrumb\",\"itemListElement\":[{\"@type\":\"ListItem\",\"position\":1,\"name\":\"Portada\",\"item\":\"https:\/\/www.senderosgr.es\/blog\/\"},{\"@type\":\"ListItem\",\"position\":2,\"name\":\"Tienda\",\"item\":\"https:\/\/www.senderosgr.es\/blog\/tienda\/\"},{\"@type\":\"ListItem\",\"position\":3,\"name\":\"Taza de Senderos GR 00\"}]},{\"@type\":\"WebSite\",\"@id\":\"https:\/\/www.senderosgr.es\/blog\/#website\",\"url\":\"https:\/\/www.senderosgr.es\/blog\/\",\"name\":\"El Blog de SenderosGR\",\"description\":\"Noticias, opiniones... \u00a1y mucho m\u00e1s!\",\"publisher\":{\"@id\":\"https:\/\/www.senderosgr.es\/blog\/#organization\"},\"potentialAction\":[{\"@type\":\"SearchAction\",\"target\":{\"@type\":\"EntryPoint\",\"urlTemplate\":\"https:\/\/www.senderosgr.es\/blog\/?s={search_term_string}\"},\"query-input\":{\"@type\":\"PropertyValueSpecification\",\"valueRequired\":true,\"valueName\":\"search_term_string\"}}],\"inLanguage\":\"es\"},{\"@type\":\"Organization\",\"@id\":\"https:\/\/www.senderosgr.es\/blog\/#organization\",\"name\":\"El Blog de SenderosGR\",\"url\":\"https:\/\/www.senderosgr.es\/blog\/\",\"logo\":{\"@type\":\"ImageObject\",\"inLanguage\":\"es\",\"@id\":\"https:\/\/www.senderosgr.es\/blog\/#\/schema\/logo\/image\/\",\"url\":\"https:\/\/www.senderosgr.es\/blog\/wp-content\/uploads\/2016\/06\/SGR-logo-cabecera-wordpress-copy-1.jpg\",\"contentUrl\":\"https:\/\/www.senderosgr.es\/blog\/wp-content\/uploads\/2016\/06\/SGR-logo-cabecera-wordpress-copy-1.jpg\",\"width\":240,\"height\":240,\"caption\":\"El Blog de SenderosGR\"},\"image\":{\"@id\":\"https:\/\/www.senderosgr.es\/blog\/#\/schema\/logo\/image\/\"}}]}<\/script>\n<!-- \/ Yoast SEO plugin. -->","yoast_head_json":{"title":"Taza de Senderos GR 00 - El Blog de SenderosGR","description":"Taza de edici\u00f3n limitada, elaborada y pintada manualmente por los artesanos de Totana Hern\u00e1ndez Alfareros. La caja de cart\u00f3n decorada por discapacitados...","robots":{"index":"index","follow":"follow","max-snippet":"max-snippet:-1","max-image-preview":"max-image-preview:large","max-video-preview":"max-video-preview:-1"},"canonical":"https:\/\/www.senderosgr.es\/blog\/producto\/taza-senderos-gr-00\/","og_locale":"es_ES","og_type":"article","og_title":"Taza de Senderos GR 00 - El Blog de SenderosGR","og_description":"Taza de edici\u00f3n limitada, elaborada y pintada manualmente por los artesanos de Totana Hern\u00e1ndez Alfareros. La caja de cart\u00f3n decorada por discapacitados...","og_url":"https:\/\/www.senderosgr.es\/blog\/producto\/taza-senderos-gr-00\/","og_site_name":"El Blog de SenderosGR","article_modified_time":"2016-11-24T11:37:05+00:00","og_image":[{"width":3097,"height":4743,"url":"https:\/\/www.senderosgr.es\/blog\/wp-content\/uploads\/2016\/10\/Taza-SENDEROSGR.jpg","type":"image\/jpeg"}],"twitter_card":"summary_large_image","schema":{"@context":"https:\/\/schema.org","@graph":[{"@type":"WebPage","@id":"https:\/\/www.senderosgr.es\/blog\/producto\/taza-senderos-gr-00\/","url":"https:\/\/www.senderosgr.es\/blog\/producto\/taza-senderos-gr-00\/","name":"Taza de Senderos GR 00 - El Blog de SenderosGR","isPartOf":{"@id":"https:\/\/www.senderosgr.es\/blog\/#website"},"primaryImageOfPage":{"@id":"https:\/\/www.senderosgr.es\/blog\/producto\/taza-senderos-gr-00\/#primaryimage"},"image":{"@id":"https:\/\/www.senderosgr.es\/blog\/producto\/taza-senderos-gr-00\/#primaryimage"},"thumbnailUrl":"https:\/\/www.senderosgr.es\/blog\/wp-content\/uploads\/2016\/10\/Taza-SENDEROSGR-scaled.jpg","datePublished":"2016-10-28T00:16:02+00:00","dateModified":"2016-11-24T11:37:05+00:00","description":"Taza de edici\u00f3n limitada, elaborada y pintada manualmente por los artesanos de Totana Hern\u00e1ndez Alfareros. La caja de cart\u00f3n decorada por discapacitados...","breadcrumb":{"@id":"https:\/\/www.senderosgr.es\/blog\/producto\/taza-senderos-gr-00\/#breadcrumb"},"inLanguage":"es","potentialAction":[{"@type":"ReadAction","target":["https:\/\/www.senderosgr.es\/blog\/producto\/taza-senderos-gr-00\/"]}]},{"@type":"ImageObject","inLanguage":"es","@id":"https:\/\/www.senderosgr.es\/blog\/producto\/taza-senderos-gr-00\/#primaryimage","url":"https:\/\/www.senderosgr.es\/blog\/wp-content\/uploads\/2016\/10\/Taza-SENDEROSGR-scaled.jpg","contentUrl":"https:\/\/www.senderosgr.es\/blog\/wp-content\/uploads\/2016\/10\/Taza-SENDEROSGR-scaled.jpg","width":1672,"height":2560},{"@type":"BreadcrumbList","@id":"https:\/\/www.senderosgr.es\/blog\/producto\/taza-senderos-gr-00\/#breadcrumb","itemListElement":[{"@type":"ListItem","position":1,"name":"Portada","item":"https:\/\/www.senderosgr.es\/blog\/"},{"@type":"ListItem","position":2,"name":"Tienda","item":"https:\/\/www.senderosgr.es\/blog\/tienda\/"},{"@type":"ListItem","position":3,"name":"Taza de Senderos GR 00"}]},{"@type":"WebSite","@id":"https:\/\/www.senderosgr.es\/blog\/#website","url":"https:\/\/www.senderosgr.es\/blog\/","name":"El Blog de SenderosGR","description":"Noticias, opiniones... \u00a1y mucho m\u00e1s!","publisher":{"@id":"https:\/\/www.senderosgr.es\/blog\/#organization"},"potentialAction":[{"@type":"SearchAction","target":{"@type":"EntryPoint","urlTemplate":"https:\/\/www.senderosgr.es\/blog\/?s={search_term_string}"},"query-input":{"@type":"PropertyValueSpecification","valueRequired":true,"valueName":"search_term_string"}}],"inLanguage":"es"},{"@type":"Organization","@id":"https:\/\/www.senderosgr.es\/blog\/#organization","name":"El Blog de SenderosGR","url":"https:\/\/www.senderosgr.es\/blog\/","logo":{"@type":"ImageObject","inLanguage":"es","@id":"https:\/\/www.senderosgr.es\/blog\/#\/schema\/logo\/image\/","url":"https:\/\/www.senderosgr.es\/blog\/wp-content\/uploads\/2016\/06\/SGR-logo-cabecera-wordpress-copy-1.jpg","contentUrl":"https:\/\/www.senderosgr.es\/blog\/wp-content\/uploads\/2016\/06\/SGR-logo-cabecera-wordpress-copy-1.jpg","width":240,"height":240,"caption":"El Blog de SenderosGR"},"image":{"@id":"https:\/\/www.senderosgr.es\/blog\/#\/schema\/logo\/image\/"}}]}},"_links":{"self":[{"href":"https:\/\/www.senderosgr.es\/blog\/wp-json\/wp\/v2\/product\/458","targetHints":{"allow":["GET"]}}],"collection":[{"href":"https:\/\/www.senderosgr.es\/blog\/wp-json\/wp\/v2\/product"}],"about":[{"href":"https:\/\/www.senderosgr.es\/blog\/wp-json\/wp\/v2\/types\/product"}],"replies":[{"embeddable":true,"href":"https:\/\/www.senderosgr.es\/blog\/wp-json\/wp\/v2\/comments?post=458"}],"wp:featuredmedia":[{"embeddable":true,"href":"https:\/\/www.senderosgr.es\/blog\/wp-json\/wp\/v2\/media\/459"}],"wp:attachment":[{"href":"https:\/\/www.senderosgr.es\/blog\/wp-json\/wp\/v2\/media?parent=458"}],"wp:term":[{"taxonomy":"product_brand","embeddable":true,"href":"https:\/\/www.senderosgr.es\/blog\/wp-json\/wp\/v2\/product_brand?post=458"},{"taxonomy":"product_cat","embeddable":true,"href":"https:\/\/www.senderosgr.es\/blog\/wp-json\/wp\/v2\/product_cat?post=458"},{"taxonomy":"product_tag","embeddable":true,"href":"https:\/\/www.senderosgr.es\/blog\/wp-json\/wp\/v2\/product_tag?post=458"}],"curies":[{"name":"wp","href":"https:\/\/api.w.org\/{rel}","templated":true}]}}