{"id":1548,"date":"2021-04-27T20:55:55","date_gmt":"2021-04-27T18:55:55","guid":{"rendered":"http:\/\/www.senderosgr.es\/blog\/?page_id=1548"},"modified":"2021-04-27T22:37:11","modified_gmt":"2021-04-27T20:37:11","slug":"hazte-mecenas-particulares","status":"publish","type":"page","link":"https:\/\/www.senderosgr.es\/blog\/hazte-mecenas-particulares\/","title":{"rendered":"Hazte Mecenas (particulares)"},"content":{"rendered":"<h2><span style=\"color: #ff0000;\"><strong>Mecenazgo<\/strong><\/span><\/h2>\n<p>Est\u00e1s a un paso de hacer una aportaci\u00f3n muy grande.<\/p>\n<p>Una de las razones por las que Senderos GR sobrevivi\u00f3 a la encrucijada hace 3 a\u00f1os cuando ces\u00f3 la empresa Senderos de Largo Recorrido S.L. (fundadora del proyecto) fue gracias a los las personas que construyeron la Asociaci\u00f3n Nacional de Gerreristas y a la financiaci\u00f3n de impulso mediante crowdfunding. A trav\u00e9s de la plataforma de Crowdfunding <a href=\"https:\/\/es.ulule.com\/\" target=\"_blank\" rel=\"noopener\">Ulule<\/a>, 23 mecenas colaboraron econ\u00f3micamente en 2018 para que el portal siguiera en pie: M\u00f3nica Micol Aroca,\u00a0<a href=\"http:\/\/www.e-proarte.com\/\" target=\"_blank\" rel=\"noopener\">Proarte<\/a> (empresa de se\u00f1alizaci\u00f3n de senderos), Luc\u00eda P\u00e9rez-Capilla, Javier Villamor Villarino, Jorge Hontiyuelo, Jorge Ramos L\u00f3pez, Rodrigo Encinas, Jos\u00e9 Antonio P\u00e9rez Dom\u00ednguez, Pedro Villamor Redondo, Carlos de Ayala, Maite Lizarribar, Jes\u00fas Esc\u00e1mez Berenguel, Luis Ben\u00edtez, Adri\u00e1n Navarro, Laura Mu\u00f1oz Ortiz, Nerea Sevilla, Modesto Mu\u00f1oz Marqu\u00e9s, Francisco Jos\u00e9 Zapata Nicol\u00e1s, Luis Albaladejo Rodr\u00edguez, Cris Garc\u00eda, Roberto S\u00e1nchez Bernaldo y Manuel Nu\u00f1o. Este empuj\u00f3n inicial fue crucial para tomar ox\u00edgeno y preservar este rinc\u00f3n digital.<\/p>\n<p>Para el proyecto de Senderos GR planteamos tres modelos de <em>mecenazgo (para particulares)<\/em>:<\/p>\n<ul>\n<li>\n<h4><span style=\"color: #800000;\"><strong>Espartano<\/strong>: 25\u20ac<\/span><\/h4>\n<p>Somos conscientes de que, cada soldado ca\u00eddo en las Term\u00f3pilas, tuvo su eco en la resistencia griega contra la invasi\u00f3n persa. Por ello, y porque cada aportaci\u00f3n suma, queremos darte <strong>nuestro reconocimiento visual<\/strong> en nuestra p\u00e1gina y hacerte un <strong>obsequio corporativo<\/strong>.<\/li>\n<li>\n<h4><span style=\"color: #808080;\"><strong>Padrino: 50\u20ac<\/strong><\/span><\/h4>\n<p>Recopilar la informaci\u00f3n oficial de todos los senderos de gran recorrido de Espa\u00f1a es complicado. Hablamos de rutas que, en muchas ocasiones no solo cruzan provincias, sino tambi\u00e9n comunidades aut\u00f3nomas. Y que promotores e instituciones se ponga de acuerdo para mantener las rutas y su se\u00f1al\u00e9tica es dif\u00edcil (sobre todo, sin subvenci\u00f3n europea de por medio). Esto no nos frena a muchos senderistas para poner un pie en el camino. Pero sin un m\u00ednimo de log\u00edstica (y una buena br\u00fajula) podemos meternos en un problema. \u00bfQuieres que demos prioridad a la documentaci\u00f3n (mapas, tracks, servicios en ruta&#8230;) de un sendero determinado? Te proponemos apadrinarlo con tu aportaci\u00f3n. Y en este caso,\u00a0no s\u00f3lo queremos darte <strong>nuestro reconocimiento visual<\/strong> en nuestra p\u00e1gina y hacerte un <strong>obsequio corporativo<\/strong>, sino adem\u00e1s emitir una <strong>distinci\u00f3n especial<\/strong> certificando que el trabajo de documentaci\u00f3n de esa ruta ha sido posible gracias a ti.<\/li>\n<\/ul>\n<ul>\n<li>\n<h4><span style=\"color: #c49145;\"><strong>M\u00e9dici<\/strong>: 100\u20ac<\/span><\/h4>\n<p>No aspiramos a contar con la influencia y poder que, en el Renacimiento, tuvo esta poderosa familia de Florencia, pero s\u00ed queremos garantizar que, al margen de la se\u00f1al\u00e9tica y mantenimiento de nuestros caminos, su historia e informaci\u00f3n log\u00edstica no caiga en el olvido. Desde el principio, nuestra raz\u00f3n de ser es la de construir una comunidad de senderistas que participen del intercambio de sus experiencias, y peleen juntos para que las rutas no caigan en el olvido. Solos podemos hacer poco, juntos podemos hacer mucho. Para agradecerte el apoyo queremos darte nuestro <strong>reconocimiento visual<\/strong> en nuestra p\u00e1gina, hacerte un <strong>obsequio corporativo<\/strong>, emitir una <strong>distinci\u00f3n especial<\/strong> certificando que el trabajo de documentaci\u00f3n de la ruta que elijas ha sido posible gracias a ti y, adem\u00e1s, queremos regalarte una <strong>camiseta corporativa de algod\u00f3n org\u00e1nico<\/strong> para que la puedas estrenar en tu siguiente sendero.<\/li>\n<\/ul>\n<p>Si quieres participar como mecenas de este proyecto escr\u00edbenos a trav\u00e9s del siguiente formulario:<\/p>\n\n\t\t<!-- Contact Coldform @ https:\/\/perishablepress.com\/contact-coldform\/ -->\n\t\t\n\t\t<div id=\"coldform\">\n\t\t\t<form action=\"\" method=\"post\">\n\t\t\t\t<legend title=\"Nota: solo texto, sin marcado.\"><strong>\u00a1Hola!<\/strong> Por favor usa este formulario para contactarnos.<\/legend>\n\t\t\t\t<fieldset class=\"coldform-name\">\n\t\t\t\t\t<label for=\"coldform_name\">Nombre (Requerido)<\/label>\n\t\t\t\t\t<input name=\"coldform_name\" id=\"coldform_name\" type=\"text\" size=\"33\" maxlength=\"99\" value=\"\" placeholder=\"Tu nombre\" \/>\n\t\t\t\t<\/fieldset>\n\t\t\t\t<fieldset class=\"coldform-email\">\n\t\t\t\t\t<label for=\"coldform_email\">Email (Requerido)<\/label>\n\t\t\t\t\t<input name=\"coldform_email\" id=\"coldform_email\" type=\"text\" size=\"33\" maxlength=\"99\" value=\"\" placeholder=\"Tu correo electr\u00f3nico\" \/>\n\t\t\t\t<\/fieldset>\n\t\t\t\t<fieldset class=\"coldform-website\">\n\t\t\t\t\t<label for=\"coldform_website\">P\u00e1gina web (Opcional)<\/label>\n\t\t\t\t\t<input name=\"coldform_website\" id=\"coldform_website\" type=\"text\" size=\"33\" maxlength=\"99\" value=\"\" placeholder=\"Tu web\" \/>\n\t\t\t\t<\/fieldset>\n\t\t\t\t<fieldset class=\"coldform_topic\">\n\t\t\t\t\t<label for=\"coldform_topic\">Asunto (Opcional)<\/label>\n\t\t\t\t\t<input name=\"coldform_topic\" id=\"coldform_topic\" type=\"text\" size=\"33\" maxlength=\"99\" value=\"\" placeholder=\"Asunto del correo electr\u00f3nico\" \/>\n\t\t\t\t<\/fieldset>\n\t\t\t\t<fieldset class=\"coldform-response\">\n\t\t\t\t\t<label for=\"coldform_response\">1 + 1 =<\/label>\n\t\t\t\t\t<input name=\"coldform_response\" id=\"coldform_response\" type=\"text\" size=\"33\" maxlength=\"99\" value=\"\" placeholder=\"Por favor, escribe la respuesta correcta\" \/>\n\t\t\t\t<\/fieldset>\n\t\t\t\t<fieldset class=\"coldform-message\">\n\t\t\t\t\t<label for=\"coldform_message\">Mensaje (Requerido)<\/label>\n\t\t\t\t\t<textarea name=\"coldform_message\" id=\"coldform_message\" cols=\"33\" rows=\"7\" placeholder=\"Tu mensaje\"><\/textarea>\n\t\t\t\t<\/fieldset>\n\t\t\t\t<fieldset id=\"coldform_verify\" style=\"display:none;\">\n\t\t\t\t\t<label for=\"coldform_verify\">Verificaci\u00f3n humana: deja este campo vac\u00edo.<\/label>\n\t\t\t\t\t<input name=\"coldform_verify\" type=\"text\" size=\"33\" maxlength=\"99\" value=\"\" \/>\n\t\t\t\t<\/fieldset>\n\t\t\t\t\n\t\t\t\t<div class=\"coldform-submit\">\n\t\t\t\t\t<input type=\"submit\" id=\"coldform_submit\" name=\"coldform_submit\" value=\"\u00a1Env\u00edalo!\" \/>\n\t\t\t\t\t<input type=\"hidden\" id=\"coldform_nonce\" name=\"coldform_nonce\" value=\"a3ef52dcd4\" \/>\n\t\t\t\t\t<input type=\"hidden\" id=\"coldform_key\" name=\"coldform_key\" value=\"process\" \/>\n\t\t\t\t<\/div>\n\t\t\t<\/form>\n\t\t<\/div>\n\t\t\n\t\t<script type=\"text\/javascript\">(function(){var e = document.getElementById(\"coldform_verify\");e.parentNode.removeChild(e);})();<\/script>\n\t\t<div class=\"clear\">&nbsp;<\/div>\n\t\t\n","protected":false},"excerpt":{"rendered":"<p>Mecenazgo Est\u00e1s a un paso de hacer una aportaci\u00f3n muy grande. Una de las razones por las que Senderos GR sobrevivi\u00f3 a la encrucijada hace 3 a\u00f1os cuando ces\u00f3 la empresa Senderos de Largo Recorrido S.L. (fundadora del proyecto) fue gracias a los las personas que construyeron la Asociaci\u00f3n Nacional de Gerreristas y a la [&hellip;]<\/p>\n","protected":false},"author":1,"featured_media":1554,"parent":0,"menu_order":0,"comment_status":"closed","ping_status":"closed","template":"","meta":{"footnotes":""},"class_list":["post-1548","page","type-page","status-publish","has-post-thumbnail","hentry"],"yoast_head":"<!-- This site is optimized with the Yoast SEO plugin v26.6 - https:\/\/yoast.com\/wordpress\/plugins\/seo\/ -->\n<title>Hazte Mecenas (particulares) - El Blog de SenderosGR<\/title>\n<meta name=\"robots\" content=\"index, follow, max-snippet:-1, max-image-preview:large, max-video-preview:-1\" \/>\n<link rel=\"canonical\" href=\"https:\/\/www.senderosgr.es\/blog\/hazte-mecenas-particulares\/\" \/>\n<meta property=\"og:locale\" content=\"es_ES\" \/>\n<meta property=\"og:type\" content=\"article\" \/>\n<meta property=\"og:title\" content=\"Hazte Mecenas (particulares) - El Blog de SenderosGR\" \/>\n<meta property=\"og:description\" content=\"Mecenazgo Est\u00e1s a un paso de hacer una aportaci\u00f3n muy grande. Una de las razones por las que Senderos GR sobrevivi\u00f3 a la encrucijada hace 3 a\u00f1os cuando ces\u00f3 la empresa Senderos de Largo Recorrido S.L. (fundadora del proyecto) fue gracias a los las personas que construyeron la Asociaci\u00f3n Nacional de Gerreristas y a la [&hellip;]\" \/>\n<meta property=\"og:url\" content=\"https:\/\/www.senderosgr.es\/blog\/hazte-mecenas-particulares\/\" \/>\n<meta property=\"og:site_name\" content=\"El Blog de SenderosGR\" \/>\n<meta property=\"article:modified_time\" content=\"2021-04-27T20:37:11+00:00\" \/>\n<meta property=\"og:image\" content=\"https:\/\/www.senderosgr.es\/blog\/wp-content\/uploads\/2021\/04\/outdoor-sand-shoe-abstract-people-white-1341117-pxhere.com_.jpg\" \/>\n\t<meta property=\"og:image:width\" content=\"1536\" \/>\n\t<meta property=\"og:image:height\" content=\"1017\" \/>\n\t<meta property=\"og:image:type\" content=\"image\/jpeg\" \/>\n<meta name=\"twitter:card\" content=\"summary_large_image\" \/>\n<meta name=\"twitter:label1\" content=\"Tiempo de lectura\" \/>\n\t<meta name=\"twitter:data1\" content=\"3 minutos\" \/>\n<script type=\"application\/ld+json\" class=\"yoast-schema-graph\">{\"@context\":\"https:\/\/schema.org\",\"@graph\":[{\"@type\":\"WebPage\",\"@id\":\"https:\/\/www.senderosgr.es\/blog\/hazte-mecenas-particulares\/\",\"url\":\"https:\/\/www.senderosgr.es\/blog\/hazte-mecenas-particulares\/\",\"name\":\"Hazte Mecenas (particulares) - El Blog de SenderosGR\",\"isPartOf\":{\"@id\":\"https:\/\/www.senderosgr.es\/blog\/#website\"},\"primaryImageOfPage\":{\"@id\":\"https:\/\/www.senderosgr.es\/blog\/hazte-mecenas-particulares\/#primaryimage\"},\"image\":{\"@id\":\"https:\/\/www.senderosgr.es\/blog\/hazte-mecenas-particulares\/#primaryimage\"},\"thumbnailUrl\":\"https:\/\/www.senderosgr.es\/blog\/wp-content\/uploads\/2021\/04\/outdoor-sand-shoe-abstract-people-white-1341117-pxhere.com_.jpg\",\"datePublished\":\"2021-04-27T18:55:55+00:00\",\"dateModified\":\"2021-04-27T20:37:11+00:00\",\"breadcrumb\":{\"@id\":\"https:\/\/www.senderosgr.es\/blog\/hazte-mecenas-particulares\/#breadcrumb\"},\"inLanguage\":\"es\",\"potentialAction\":[{\"@type\":\"ReadAction\",\"target\":[\"https:\/\/www.senderosgr.es\/blog\/hazte-mecenas-particulares\/\"]}]},{\"@type\":\"ImageObject\",\"inLanguage\":\"es\",\"@id\":\"https:\/\/www.senderosgr.es\/blog\/hazte-mecenas-particulares\/#primaryimage\",\"url\":\"https:\/\/www.senderosgr.es\/blog\/wp-content\/uploads\/2021\/04\/outdoor-sand-shoe-abstract-people-white-1341117-pxhere.com_.jpg\",\"contentUrl\":\"https:\/\/www.senderosgr.es\/blog\/wp-content\/uploads\/2021\/04\/outdoor-sand-shoe-abstract-people-white-1341117-pxhere.com_.jpg\",\"width\":1536,\"height\":1017,\"caption\":\"Huella de bota en la arena\"},{\"@type\":\"BreadcrumbList\",\"@id\":\"https:\/\/www.senderosgr.es\/blog\/hazte-mecenas-particulares\/#breadcrumb\",\"itemListElement\":[{\"@type\":\"ListItem\",\"position\":1,\"name\":\"Portada\",\"item\":\"https:\/\/www.senderosgr.es\/blog\/\"},{\"@type\":\"ListItem\",\"position\":2,\"name\":\"Hazte Mecenas (particulares)\"}]},{\"@type\":\"WebSite\",\"@id\":\"https:\/\/www.senderosgr.es\/blog\/#website\",\"url\":\"https:\/\/www.senderosgr.es\/blog\/\",\"name\":\"El Blog de SenderosGR\",\"description\":\"Noticias, opiniones... \u00a1y mucho m\u00e1s!\",\"publisher\":{\"@id\":\"https:\/\/www.senderosgr.es\/blog\/#organization\"},\"potentialAction\":[{\"@type\":\"SearchAction\",\"target\":{\"@type\":\"EntryPoint\",\"urlTemplate\":\"https:\/\/www.senderosgr.es\/blog\/?s={search_term_string}\"},\"query-input\":{\"@type\":\"PropertyValueSpecification\",\"valueRequired\":true,\"valueName\":\"search_term_string\"}}],\"inLanguage\":\"es\"},{\"@type\":\"Organization\",\"@id\":\"https:\/\/www.senderosgr.es\/blog\/#organization\",\"name\":\"El Blog de SenderosGR\",\"url\":\"https:\/\/www.senderosgr.es\/blog\/\",\"logo\":{\"@type\":\"ImageObject\",\"inLanguage\":\"es\",\"@id\":\"https:\/\/www.senderosgr.es\/blog\/#\/schema\/logo\/image\/\",\"url\":\"https:\/\/www.senderosgr.es\/blog\/wp-content\/uploads\/2016\/06\/SGR-logo-cabecera-wordpress-copy-1.jpg\",\"contentUrl\":\"https:\/\/www.senderosgr.es\/blog\/wp-content\/uploads\/2016\/06\/SGR-logo-cabecera-wordpress-copy-1.jpg\",\"width\":240,\"height\":240,\"caption\":\"El Blog de SenderosGR\"},\"image\":{\"@id\":\"https:\/\/www.senderosgr.es\/blog\/#\/schema\/logo\/image\/\"}}]}<\/script>\n<!-- \/ Yoast SEO plugin. -->","yoast_head_json":{"title":"Hazte Mecenas (particulares) - El Blog de SenderosGR","robots":{"index":"index","follow":"follow","max-snippet":"max-snippet:-1","max-image-preview":"max-image-preview:large","max-video-preview":"max-video-preview:-1"},"canonical":"https:\/\/www.senderosgr.es\/blog\/hazte-mecenas-particulares\/","og_locale":"es_ES","og_type":"article","og_title":"Hazte Mecenas (particulares) - El Blog de SenderosGR","og_description":"Mecenazgo Est\u00e1s a un paso de hacer una aportaci\u00f3n muy grande. Una de las razones por las que Senderos GR sobrevivi\u00f3 a la encrucijada hace 3 a\u00f1os cuando ces\u00f3 la empresa Senderos de Largo Recorrido S.L. (fundadora del proyecto) fue gracias a los las personas que construyeron la Asociaci\u00f3n Nacional de Gerreristas y a la [&hellip;]","og_url":"https:\/\/www.senderosgr.es\/blog\/hazte-mecenas-particulares\/","og_site_name":"El Blog de SenderosGR","article_modified_time":"2021-04-27T20:37:11+00:00","og_image":[{"width":1536,"height":1017,"url":"https:\/\/www.senderosgr.es\/blog\/wp-content\/uploads\/2021\/04\/outdoor-sand-shoe-abstract-people-white-1341117-pxhere.com_.jpg","type":"image\/jpeg"}],"twitter_card":"summary_large_image","twitter_misc":{"Tiempo de lectura":"3 minutos"},"schema":{"@context":"https:\/\/schema.org","@graph":[{"@type":"WebPage","@id":"https:\/\/www.senderosgr.es\/blog\/hazte-mecenas-particulares\/","url":"https:\/\/www.senderosgr.es\/blog\/hazte-mecenas-particulares\/","name":"Hazte Mecenas (particulares) - El Blog de SenderosGR","isPartOf":{"@id":"https:\/\/www.senderosgr.es\/blog\/#website"},"primaryImageOfPage":{"@id":"https:\/\/www.senderosgr.es\/blog\/hazte-mecenas-particulares\/#primaryimage"},"image":{"@id":"https:\/\/www.senderosgr.es\/blog\/hazte-mecenas-particulares\/#primaryimage"},"thumbnailUrl":"https:\/\/www.senderosgr.es\/blog\/wp-content\/uploads\/2021\/04\/outdoor-sand-shoe-abstract-people-white-1341117-pxhere.com_.jpg","datePublished":"2021-04-27T18:55:55+00:00","dateModified":"2021-04-27T20:37:11+00:00","breadcrumb":{"@id":"https:\/\/www.senderosgr.es\/blog\/hazte-mecenas-particulares\/#breadcrumb"},"inLanguage":"es","potentialAction":[{"@type":"ReadAction","target":["https:\/\/www.senderosgr.es\/blog\/hazte-mecenas-particulares\/"]}]},{"@type":"ImageObject","inLanguage":"es","@id":"https:\/\/www.senderosgr.es\/blog\/hazte-mecenas-particulares\/#primaryimage","url":"https:\/\/www.senderosgr.es\/blog\/wp-content\/uploads\/2021\/04\/outdoor-sand-shoe-abstract-people-white-1341117-pxhere.com_.jpg","contentUrl":"https:\/\/www.senderosgr.es\/blog\/wp-content\/uploads\/2021\/04\/outdoor-sand-shoe-abstract-people-white-1341117-pxhere.com_.jpg","width":1536,"height":1017,"caption":"Huella de bota en la arena"},{"@type":"BreadcrumbList","@id":"https:\/\/www.senderosgr.es\/blog\/hazte-mecenas-particulares\/#breadcrumb","itemListElement":[{"@type":"ListItem","position":1,"name":"Portada","item":"https:\/\/www.senderosgr.es\/blog\/"},{"@type":"ListItem","position":2,"name":"Hazte Mecenas (particulares)"}]},{"@type":"WebSite","@id":"https:\/\/www.senderosgr.es\/blog\/#website","url":"https:\/\/www.senderosgr.es\/blog\/","name":"El Blog de SenderosGR","description":"Noticias, opiniones... \u00a1y mucho m\u00e1s!","publisher":{"@id":"https:\/\/www.senderosgr.es\/blog\/#organization"},"potentialAction":[{"@type":"SearchAction","target":{"@type":"EntryPoint","urlTemplate":"https:\/\/www.senderosgr.es\/blog\/?s={search_term_string}"},"query-input":{"@type":"PropertyValueSpecification","valueRequired":true,"valueName":"search_term_string"}}],"inLanguage":"es"},{"@type":"Organization","@id":"https:\/\/www.senderosgr.es\/blog\/#organization","name":"El Blog de SenderosGR","url":"https:\/\/www.senderosgr.es\/blog\/","logo":{"@type":"ImageObject","inLanguage":"es","@id":"https:\/\/www.senderosgr.es\/blog\/#\/schema\/logo\/image\/","url":"https:\/\/www.senderosgr.es\/blog\/wp-content\/uploads\/2016\/06\/SGR-logo-cabecera-wordpress-copy-1.jpg","contentUrl":"https:\/\/www.senderosgr.es\/blog\/wp-content\/uploads\/2016\/06\/SGR-logo-cabecera-wordpress-copy-1.jpg","width":240,"height":240,"caption":"El Blog de SenderosGR"},"image":{"@id":"https:\/\/www.senderosgr.es\/blog\/#\/schema\/logo\/image\/"}}]}},"_links":{"self":[{"href":"https:\/\/www.senderosgr.es\/blog\/wp-json\/wp\/v2\/pages\/1548","targetHints":{"allow":["GET"]}}],"collection":[{"href":"https:\/\/www.senderosgr.es\/blog\/wp-json\/wp\/v2\/pages"}],"about":[{"href":"https:\/\/www.senderosgr.es\/blog\/wp-json\/wp\/v2\/types\/page"}],"author":[{"embeddable":true,"href":"https:\/\/www.senderosgr.es\/blog\/wp-json\/wp\/v2\/users\/1"}],"replies":[{"embeddable":true,"href":"https:\/\/www.senderosgr.es\/blog\/wp-json\/wp\/v2\/comments?post=1548"}],"version-history":[{"count":7,"href":"https:\/\/www.senderosgr.es\/blog\/wp-json\/wp\/v2\/pages\/1548\/revisions"}],"predecessor-version":[{"id":1568,"href":"https:\/\/www.senderosgr.es\/blog\/wp-json\/wp\/v2\/pages\/1548\/revisions\/1568"}],"wp:featuredmedia":[{"embeddable":true,"href":"https:\/\/www.senderosgr.es\/blog\/wp-json\/wp\/v2\/media\/1554"}],"wp:attachment":[{"href":"https:\/\/www.senderosgr.es\/blog\/wp-json\/wp\/v2\/media?parent=1548"}],"curies":[{"name":"wp","href":"https:\/\/api.w.org\/{rel}","templated":true}]}}