{"id":1509,"date":"2020-08-18T13:18:58","date_gmt":"2020-08-18T11:18:58","guid":{"rendered":"http:\/\/www.senderosgr.es\/blog\/?page_id=1509"},"modified":"2021-04-27T20:52:25","modified_gmt":"2021-04-27T18:52:25","slug":"hazte-gerrerista","status":"publish","type":"page","link":"https:\/\/www.senderosgr.es\/blog\/hazte-gerrerista\/","title":{"rendered":"Hazte Gerrerista"},"content":{"rendered":"<p>Senderos GR es algo m\u00e1s que una p\u00e1gina de informaci\u00f3n. Vivimos y sentimos el senderismo. No entendemos la vida sin saborear una noche bajo las estrellas o una conversaci\u00f3n con un pastor, un artesano o un compa\u00f1ero de viaje.<\/p>\n<p>La <strong>Asociaci\u00f3n Nacional de Gerreristas<\/strong>, una entidad sin \u00e1nimo de lucro con cobertura nacional, <strong>mantiene este portal que pretende aglutinar toda la informaci\u00f3n oficial del estado actual de los senderos de Gran Recorrido de Espa\u00f1a<\/strong>, as\u00ed como dar respuesta a la planificaci\u00f3n de un recorrido de estas caracter\u00edsticas por parte del senderista, en la documentaci\u00f3n y mejora de estos caminos.<\/p>\n<p>Estos son nuestros fines:<\/p>\n<p>&#8211; La difusi\u00f3n p\u00fablica de la informaci\u00f3n oficial relativa a los senderos de gran recorrido del territorio espa\u00f1ol, conforme a la Ley.<br \/>\n&#8211; La organizaci\u00f3n de eventos deportivos de senderismo y monta\u00f1a.<br \/>\n&#8211; La colaboraci\u00f3n con instituciones p\u00fablicas para facilitar la difusi\u00f3n y conservaci\u00f3n del patrimonio cultural y medioambiental de los territorios de Espa\u00f1a, dentro y fuera de nuestras fronteras.<\/p>\n<p><strong><span style=\"color: #ff0000;\">Hazte Gerrerista<\/span> si quieres formar parte de nuestra Asociaci\u00f3n y participar de nuestras actividades<\/strong>. \u00a1Cualquier colaboraci\u00f3n es bienvenida!<\/p>\n\n\t\t<!-- Contact Coldform @ https:\/\/perishablepress.com\/contact-coldform\/ -->\n\t\t\n\t\t<div id=\"coldform\">\n\t\t\t<form action=\"\" method=\"post\">\n\t\t\t\t<legend title=\"Nota: solo texto, sin marcado.\"><strong>\u00a1Hola!<\/strong> Por favor usa este formulario para contactarnos.<\/legend>\n\t\t\t\t<fieldset class=\"coldform-name\">\n\t\t\t\t\t<label for=\"coldform_name\">Nombre (Requerido)<\/label>\n\t\t\t\t\t<input name=\"coldform_name\" id=\"coldform_name\" type=\"text\" size=\"33\" maxlength=\"99\" value=\"\" placeholder=\"Tu nombre\" \/>\n\t\t\t\t<\/fieldset>\n\t\t\t\t<fieldset class=\"coldform-email\">\n\t\t\t\t\t<label for=\"coldform_email\">Email (Requerido)<\/label>\n\t\t\t\t\t<input name=\"coldform_email\" id=\"coldform_email\" type=\"text\" size=\"33\" maxlength=\"99\" value=\"\" placeholder=\"Tu correo electr\u00f3nico\" \/>\n\t\t\t\t<\/fieldset>\n\t\t\t\t<fieldset class=\"coldform-website\">\n\t\t\t\t\t<label for=\"coldform_website\">P\u00e1gina web (Opcional)<\/label>\n\t\t\t\t\t<input name=\"coldform_website\" id=\"coldform_website\" type=\"text\" size=\"33\" maxlength=\"99\" value=\"\" placeholder=\"Tu web\" \/>\n\t\t\t\t<\/fieldset>\n\t\t\t\t<fieldset class=\"coldform_topic\">\n\t\t\t\t\t<label for=\"coldform_topic\">Asunto (Opcional)<\/label>\n\t\t\t\t\t<input name=\"coldform_topic\" id=\"coldform_topic\" type=\"text\" size=\"33\" maxlength=\"99\" value=\"\" placeholder=\"Asunto del correo electr\u00f3nico\" \/>\n\t\t\t\t<\/fieldset>\n\t\t\t\t<fieldset class=\"coldform-response\">\n\t\t\t\t\t<label for=\"coldform_response\">1 + 1 =<\/label>\n\t\t\t\t\t<input name=\"coldform_response\" id=\"coldform_response\" type=\"text\" size=\"33\" maxlength=\"99\" value=\"\" placeholder=\"Por favor, escribe la respuesta correcta\" \/>\n\t\t\t\t<\/fieldset>\n\t\t\t\t<fieldset class=\"coldform-message\">\n\t\t\t\t\t<label for=\"coldform_message\">Mensaje (Requerido)<\/label>\n\t\t\t\t\t<textarea name=\"coldform_message\" id=\"coldform_message\" cols=\"33\" rows=\"7\" placeholder=\"Tu mensaje\"><\/textarea>\n\t\t\t\t<\/fieldset>\n\t\t\t\t<fieldset id=\"coldform_verify\" style=\"display:none;\">\n\t\t\t\t\t<label for=\"coldform_verify\">Verificaci\u00f3n humana: deja este campo vac\u00edo.<\/label>\n\t\t\t\t\t<input name=\"coldform_verify\" type=\"text\" size=\"33\" maxlength=\"99\" value=\"\" \/>\n\t\t\t\t<\/fieldset>\n\t\t\t\t\n\t\t\t\t<div class=\"coldform-submit\">\n\t\t\t\t\t<input type=\"submit\" id=\"coldform_submit\" name=\"coldform_submit\" value=\"\u00a1Env\u00edalo!\" \/>\n\t\t\t\t\t<input type=\"hidden\" id=\"coldform_nonce\" name=\"coldform_nonce\" value=\"cb527ec746\" \/>\n\t\t\t\t\t<input type=\"hidden\" id=\"coldform_key\" name=\"coldform_key\" value=\"process\" \/>\n\t\t\t\t<\/div>\n\t\t\t<\/form>\n\t\t<\/div>\n\t\t\n\t\t<script type=\"text\/javascript\">(function(){var e = document.getElementById(\"coldform_verify\");e.parentNode.removeChild(e);})();<\/script>\n\t\t<div class=\"clear\">&nbsp;<\/div>\n\t\t\n","protected":false},"excerpt":{"rendered":"<p>Senderos GR es algo m\u00e1s que una p\u00e1gina de informaci\u00f3n. Vivimos y sentimos el senderismo. No entendemos la vida sin saborear una noche bajo las estrellas o una conversaci\u00f3n con un pastor, un artesano o un compa\u00f1ero de viaje. La Asociaci\u00f3n Nacional de Gerreristas, una entidad sin \u00e1nimo de lucro con cobertura nacional, mantiene este [&hellip;]<\/p>\n","protected":false},"author":1,"featured_media":1434,"parent":0,"menu_order":0,"comment_status":"closed","ping_status":"closed","template":"","meta":{"footnotes":""},"class_list":["post-1509","page","type-page","status-publish","has-post-thumbnail","hentry"],"yoast_head":"<!-- This site is optimized with the Yoast SEO plugin v26.6 - https:\/\/yoast.com\/wordpress\/plugins\/seo\/ -->\n<title>Hazte Gerrerista - El Blog de SenderosGR<\/title>\n<meta name=\"robots\" content=\"index, follow, max-snippet:-1, max-image-preview:large, max-video-preview:-1\" \/>\n<link rel=\"canonical\" href=\"https:\/\/www.senderosgr.es\/blog\/hazte-gerrerista\/\" \/>\n<meta property=\"og:locale\" content=\"es_ES\" \/>\n<meta property=\"og:type\" content=\"article\" \/>\n<meta property=\"og:title\" content=\"Hazte Gerrerista - El Blog de SenderosGR\" \/>\n<meta property=\"og:description\" content=\"Senderos GR es algo m\u00e1s que una p\u00e1gina de informaci\u00f3n. Vivimos y sentimos el senderismo. No entendemos la vida sin saborear una noche bajo las estrellas o una conversaci\u00f3n con un pastor, un artesano o un compa\u00f1ero de viaje. La Asociaci\u00f3n Nacional de Gerreristas, una entidad sin \u00e1nimo de lucro con cobertura nacional, mantiene este [&hellip;]\" \/>\n<meta property=\"og:url\" content=\"https:\/\/www.senderosgr.es\/blog\/hazte-gerrerista\/\" \/>\n<meta property=\"og:site_name\" content=\"El Blog de SenderosGR\" \/>\n<meta property=\"article:modified_time\" content=\"2021-04-27T18:52:25+00:00\" \/>\n<meta property=\"og:image\" content=\"https:\/\/www.senderosgr.es\/blog\/wp-content\/uploads\/2018\/03\/senderistas.jpg\" \/>\n\t<meta property=\"og:image:width\" content=\"2122\" \/>\n\t<meta property=\"og:image:height\" content=\"708\" \/>\n\t<meta property=\"og:image:type\" content=\"image\/jpeg\" \/>\n<meta name=\"twitter:card\" content=\"summary_large_image\" \/>\n<meta name=\"twitter:label1\" content=\"Tiempo de lectura\" \/>\n\t<meta name=\"twitter:data1\" content=\"1 minuto\" \/>\n<script type=\"application\/ld+json\" class=\"yoast-schema-graph\">{\"@context\":\"https:\/\/schema.org\",\"@graph\":[{\"@type\":\"WebPage\",\"@id\":\"https:\/\/www.senderosgr.es\/blog\/hazte-gerrerista\/\",\"url\":\"https:\/\/www.senderosgr.es\/blog\/hazte-gerrerista\/\",\"name\":\"Hazte Gerrerista - El Blog de SenderosGR\",\"isPartOf\":{\"@id\":\"https:\/\/www.senderosgr.es\/blog\/#website\"},\"primaryImageOfPage\":{\"@id\":\"https:\/\/www.senderosgr.es\/blog\/hazte-gerrerista\/#primaryimage\"},\"image\":{\"@id\":\"https:\/\/www.senderosgr.es\/blog\/hazte-gerrerista\/#primaryimage\"},\"thumbnailUrl\":\"https:\/\/www.senderosgr.es\/blog\/wp-content\/uploads\/2018\/03\/senderistas.jpg\",\"datePublished\":\"2020-08-18T11:18:58+00:00\",\"dateModified\":\"2021-04-27T18:52:25+00:00\",\"breadcrumb\":{\"@id\":\"https:\/\/www.senderosgr.es\/blog\/hazte-gerrerista\/#breadcrumb\"},\"inLanguage\":\"es\",\"potentialAction\":[{\"@type\":\"ReadAction\",\"target\":[\"https:\/\/www.senderosgr.es\/blog\/hazte-gerrerista\/\"]}]},{\"@type\":\"ImageObject\",\"inLanguage\":\"es\",\"@id\":\"https:\/\/www.senderosgr.es\/blog\/hazte-gerrerista\/#primaryimage\",\"url\":\"https:\/\/www.senderosgr.es\/blog\/wp-content\/uploads\/2018\/03\/senderistas.jpg\",\"contentUrl\":\"https:\/\/www.senderosgr.es\/blog\/wp-content\/uploads\/2018\/03\/senderistas.jpg\",\"width\":2122,\"height\":708},{\"@type\":\"BreadcrumbList\",\"@id\":\"https:\/\/www.senderosgr.es\/blog\/hazte-gerrerista\/#breadcrumb\",\"itemListElement\":[{\"@type\":\"ListItem\",\"position\":1,\"name\":\"Portada\",\"item\":\"https:\/\/www.senderosgr.es\/blog\/\"},{\"@type\":\"ListItem\",\"position\":2,\"name\":\"Hazte Gerrerista\"}]},{\"@type\":\"WebSite\",\"@id\":\"https:\/\/www.senderosgr.es\/blog\/#website\",\"url\":\"https:\/\/www.senderosgr.es\/blog\/\",\"name\":\"El Blog de SenderosGR\",\"description\":\"Noticias, opiniones... \u00a1y mucho m\u00e1s!\",\"publisher\":{\"@id\":\"https:\/\/www.senderosgr.es\/blog\/#organization\"},\"potentialAction\":[{\"@type\":\"SearchAction\",\"target\":{\"@type\":\"EntryPoint\",\"urlTemplate\":\"https:\/\/www.senderosgr.es\/blog\/?s={search_term_string}\"},\"query-input\":{\"@type\":\"PropertyValueSpecification\",\"valueRequired\":true,\"valueName\":\"search_term_string\"}}],\"inLanguage\":\"es\"},{\"@type\":\"Organization\",\"@id\":\"https:\/\/www.senderosgr.es\/blog\/#organization\",\"name\":\"El Blog de SenderosGR\",\"url\":\"https:\/\/www.senderosgr.es\/blog\/\",\"logo\":{\"@type\":\"ImageObject\",\"inLanguage\":\"es\",\"@id\":\"https:\/\/www.senderosgr.es\/blog\/#\/schema\/logo\/image\/\",\"url\":\"https:\/\/www.senderosgr.es\/blog\/wp-content\/uploads\/2016\/06\/SGR-logo-cabecera-wordpress-copy-1.jpg\",\"contentUrl\":\"https:\/\/www.senderosgr.es\/blog\/wp-content\/uploads\/2016\/06\/SGR-logo-cabecera-wordpress-copy-1.jpg\",\"width\":240,\"height\":240,\"caption\":\"El Blog de SenderosGR\"},\"image\":{\"@id\":\"https:\/\/www.senderosgr.es\/blog\/#\/schema\/logo\/image\/\"}}]}<\/script>\n<!-- \/ Yoast SEO plugin. -->","yoast_head_json":{"title":"Hazte Gerrerista - El Blog de SenderosGR","robots":{"index":"index","follow":"follow","max-snippet":"max-snippet:-1","max-image-preview":"max-image-preview:large","max-video-preview":"max-video-preview:-1"},"canonical":"https:\/\/www.senderosgr.es\/blog\/hazte-gerrerista\/","og_locale":"es_ES","og_type":"article","og_title":"Hazte Gerrerista - El Blog de SenderosGR","og_description":"Senderos GR es algo m\u00e1s que una p\u00e1gina de informaci\u00f3n. Vivimos y sentimos el senderismo. No entendemos la vida sin saborear una noche bajo las estrellas o una conversaci\u00f3n con un pastor, un artesano o un compa\u00f1ero de viaje. La Asociaci\u00f3n Nacional de Gerreristas, una entidad sin \u00e1nimo de lucro con cobertura nacional, mantiene este [&hellip;]","og_url":"https:\/\/www.senderosgr.es\/blog\/hazte-gerrerista\/","og_site_name":"El Blog de SenderosGR","article_modified_time":"2021-04-27T18:52:25+00:00","og_image":[{"width":2122,"height":708,"url":"https:\/\/www.senderosgr.es\/blog\/wp-content\/uploads\/2018\/03\/senderistas.jpg","type":"image\/jpeg"}],"twitter_card":"summary_large_image","twitter_misc":{"Tiempo de lectura":"1 minuto"},"schema":{"@context":"https:\/\/schema.org","@graph":[{"@type":"WebPage","@id":"https:\/\/www.senderosgr.es\/blog\/hazte-gerrerista\/","url":"https:\/\/www.senderosgr.es\/blog\/hazte-gerrerista\/","name":"Hazte Gerrerista - El Blog de SenderosGR","isPartOf":{"@id":"https:\/\/www.senderosgr.es\/blog\/#website"},"primaryImageOfPage":{"@id":"https:\/\/www.senderosgr.es\/blog\/hazte-gerrerista\/#primaryimage"},"image":{"@id":"https:\/\/www.senderosgr.es\/blog\/hazte-gerrerista\/#primaryimage"},"thumbnailUrl":"https:\/\/www.senderosgr.es\/blog\/wp-content\/uploads\/2018\/03\/senderistas.jpg","datePublished":"2020-08-18T11:18:58+00:00","dateModified":"2021-04-27T18:52:25+00:00","breadcrumb":{"@id":"https:\/\/www.senderosgr.es\/blog\/hazte-gerrerista\/#breadcrumb"},"inLanguage":"es","potentialAction":[{"@type":"ReadAction","target":["https:\/\/www.senderosgr.es\/blog\/hazte-gerrerista\/"]}]},{"@type":"ImageObject","inLanguage":"es","@id":"https:\/\/www.senderosgr.es\/blog\/hazte-gerrerista\/#primaryimage","url":"https:\/\/www.senderosgr.es\/blog\/wp-content\/uploads\/2018\/03\/senderistas.jpg","contentUrl":"https:\/\/www.senderosgr.es\/blog\/wp-content\/uploads\/2018\/03\/senderistas.jpg","width":2122,"height":708},{"@type":"BreadcrumbList","@id":"https:\/\/www.senderosgr.es\/blog\/hazte-gerrerista\/#breadcrumb","itemListElement":[{"@type":"ListItem","position":1,"name":"Portada","item":"https:\/\/www.senderosgr.es\/blog\/"},{"@type":"ListItem","position":2,"name":"Hazte Gerrerista"}]},{"@type":"WebSite","@id":"https:\/\/www.senderosgr.es\/blog\/#website","url":"https:\/\/www.senderosgr.es\/blog\/","name":"El Blog de SenderosGR","description":"Noticias, opiniones... \u00a1y mucho m\u00e1s!","publisher":{"@id":"https:\/\/www.senderosgr.es\/blog\/#organization"},"potentialAction":[{"@type":"SearchAction","target":{"@type":"EntryPoint","urlTemplate":"https:\/\/www.senderosgr.es\/blog\/?s={search_term_string}"},"query-input":{"@type":"PropertyValueSpecification","valueRequired":true,"valueName":"search_term_string"}}],"inLanguage":"es"},{"@type":"Organization","@id":"https:\/\/www.senderosgr.es\/blog\/#organization","name":"El Blog de SenderosGR","url":"https:\/\/www.senderosgr.es\/blog\/","logo":{"@type":"ImageObject","inLanguage":"es","@id":"https:\/\/www.senderosgr.es\/blog\/#\/schema\/logo\/image\/","url":"https:\/\/www.senderosgr.es\/blog\/wp-content\/uploads\/2016\/06\/SGR-logo-cabecera-wordpress-copy-1.jpg","contentUrl":"https:\/\/www.senderosgr.es\/blog\/wp-content\/uploads\/2016\/06\/SGR-logo-cabecera-wordpress-copy-1.jpg","width":240,"height":240,"caption":"El Blog de SenderosGR"},"image":{"@id":"https:\/\/www.senderosgr.es\/blog\/#\/schema\/logo\/image\/"}}]}},"_links":{"self":[{"href":"https:\/\/www.senderosgr.es\/blog\/wp-json\/wp\/v2\/pages\/1509","targetHints":{"allow":["GET"]}}],"collection":[{"href":"https:\/\/www.senderosgr.es\/blog\/wp-json\/wp\/v2\/pages"}],"about":[{"href":"https:\/\/www.senderosgr.es\/blog\/wp-json\/wp\/v2\/types\/page"}],"author":[{"embeddable":true,"href":"https:\/\/www.senderosgr.es\/blog\/wp-json\/wp\/v2\/users\/1"}],"replies":[{"embeddable":true,"href":"https:\/\/www.senderosgr.es\/blog\/wp-json\/wp\/v2\/comments?post=1509"}],"version-history":[{"count":7,"href":"https:\/\/www.senderosgr.es\/blog\/wp-json\/wp\/v2\/pages\/1509\/revisions"}],"predecessor-version":[{"id":1560,"href":"https:\/\/www.senderosgr.es\/blog\/wp-json\/wp\/v2\/pages\/1509\/revisions\/1560"}],"wp:featuredmedia":[{"embeddable":true,"href":"https:\/\/www.senderosgr.es\/blog\/wp-json\/wp\/v2\/media\/1434"}],"wp:attachment":[{"href":"https:\/\/www.senderosgr.es\/blog\/wp-json\/wp\/v2\/media?parent=1509"}],"curies":[{"name":"wp","href":"https:\/\/api.w.org\/{rel}","templated":true}]}}